{"id":502,"date":"2014-08-29T09:47:14","date_gmt":"2014-08-29T09:47:14","guid":{"rendered":"http:\/\/photos-et-compagnie.fr\/blog\/?page_id=502"},"modified":"2014-08-29T14:51:33","modified_gmt":"2014-08-29T14:51:33","slug":"lauteur","status":"publish","type":"page","link":"https:\/\/photos-et-compagnie.fr\/blog\/lauteur\/","title":{"rendered":"A propos"},"content":{"rendered":"<p style=\"text-align: justify;\">\n<p style=\"text-align: justify;\">C&rsquo;est un peu par hasard, \u00e0 l&rsquo;occasion de la panne d&rsquo;un petit compact num\u00e9rique, que le virus de la photo m&rsquo;a pris : apr\u00e8s beaucoup de recherches sur les forums, j&rsquo;ai fait l&rsquo;acquisition d&rsquo;un bridge, tr\u00e8s vite remplac\u00e9 par un r\u00e9flex, qu&rsquo;est venu compl\u00e9ter une panoplie d&rsquo;objectifs qui s&rsquo;est enrichie au fil des ann\u00e9es.<\/p>\n<p style=\"text-align: justify;\">Amoureux du grand air depuis toujours, c&rsquo;est tout naturellement vers la photographie de nature que je me suis tourn\u00e9. L&rsquo;occasion de passer des heures dehors, \u00e0 chercher le bon sujet, la belle lumi\u00e8re, et \u00e0 essayer de magnifier cette plan\u00e8te dont la beaut\u00e9 n&rsquo;a de cesse de nous \u00e9merveiller.<\/p>\n<p style=\"text-align: justify;\">L&rsquo;occasion aussi de belles rencontres avec d&rsquo;autres passionn\u00e9s de ma r\u00e9gion, avec qui je me suis lanc\u00e9 depuis quatre ans dans l&rsquo;aventure de l&rsquo;<a href=\"http:\/\/www.apran.fr\">APRAN<\/a>, ses sorties photos, ses expositions &#8230;<\/p>\n<p style=\"text-align: justify;\">Mais l&rsquo;aventure ne fait que commencer : \u00e9ternel d\u00e9butant, j&rsquo;ai encore beaucoup \u00e0 apprendre, beaucoup de nouveaux horizons \u00e0 explorer, de nouvelles rencontres \u00e0 faire &#8230; vivement la prochaine sortie !<\/p>\n<p style=\"text-align: justify;\">Ludovic<\/p>\n<p style=\"text-align: center;\"><hr class=\"pixcode  pixcode--separator  separator separator--dotted\"\/>\nMat\u00e9riel utilis\u00e9<\/p>\n<p style=\"text-align: justify;\"><div class=\"pixcode  pixcode--tabs\">\n    <ul class=\"pixcode--tabs__nav  tabs__nav  nav  nav-tabs\">\n                        <li>\n                    <a href=\"#ui-tab-069e074416cd66\" class=\"current\" data-toggle=\"tab\">Boitiers<\/a>                <\/li>\n                            <li>\n                    <a href=\"#ui-tab-169e074416cd68\" class=\"\" data-toggle=\"tab\">Objectifs<\/a>                <\/li>\n                            <li>\n                    <a href=\"#ui-tab-269e074416cd69\" class=\"\" data-toggle=\"tab\">Mat\u00e9riels diveres<\/a>                <\/li>\n                <\/ul>\n    <div class=\"pixcode--tabs__content  tabs__content\">\n                        <div class=\"tabs__pane \" id=\"ui-tab-069e074416cd66\">\n                    \n<p style=\"text-align: justify\"><i class=\"pixcode  pixcode--icon  icon-camera  circle  small  \"><\/i>\u00a0 Canon EOS 7D<br \/>\n<i class=\"pixcode  pixcode--icon  icon-camera  circle  small  \"><\/i>\u00a0 Canon EOS 500D<\/p>\n<p style=\"text-align: justify\">                <\/div>\n                            <div class=\"tabs__pane hide\" id=\"ui-tab-169e074416cd68\">\n                    \n<p style=\"text-align: justify\"><i class=\"pixcode  pixcode--icon  icon-camera  circle  small  \"><\/i>\u00a0 Canon 10-22 mm f\/3.5-4.5<br \/>\n<i class=\"pixcode  pixcode--icon  icon-camera  circle  small  \"><\/i>\u00a0 Tamron 17-50 mm f\/2.8<br \/>\n<i class=\"pixcode  pixcode--icon  icon-camera  circle  small  \"><\/i>\u00a0 Canon 70-200 mm f\/4<br \/>\n<i class=\"pixcode  pixcode--icon  icon-camera  circle  small  \"><\/i>\u00a0 Canon 300 mm f\/4<br \/>\n<i class=\"pixcode  pixcode--icon  icon-camera  circle  small  \"><\/i>\u00a0 Canon 100 mm f\/2.8 macro<\/p>\n<p style=\"text-align: justify\">                <\/div>\n                            <div class=\"tabs__pane hide\" id=\"ui-tab-269e074416cd69\">\n                    \n<i class=\"pixcode  pixcode--icon  icon-camera  circle  small  \"><\/i>\u00a0 Tr\u00e9pied<br \/>\n<i class=\"pixcode  pixcode--icon  icon-camera  circle  small  \"><\/i>\u00a0 Filtre ND400<br \/>\n<i class=\"pixcode  pixcode--icon  icon-camera  circle  small  \"><\/i>\u00a0 T\u00e9l\u00e9commande<br \/>\n<i class=\"pixcode  pixcode--icon  icon-camera  circle  small  \"><\/i>\u00a0 Beaucoup de patience<br \/>\n<i class=\"pixcode  pixcode--icon  icon-camera  circle  small  \"><\/i>\u00a0 Un peu de chance<\/p>\n<p style=\"text-align: justify\">                <\/div>\n                <\/div>\n<\/div>\n","protected":false},"excerpt":{"rendered":"<p>C&rsquo;est un peu par hasard, \u00e0 l&rsquo;occasion de la panne d&rsquo;un petit compact num\u00e9rique, que le virus de la photo m&rsquo;a pris : apr\u00e8s beaucoup de recherches sur les forums, j&rsquo;ai fait l&rsquo;acquisition d&rsquo;un bridge, tr\u00e8s vite remplac\u00e9 par un r\u00e9flex, qu&rsquo;est venu compl\u00e9ter une panoplie d&rsquo;objectifs qui s&rsquo;est enrichie au fil des ann\u00e9es. Amoureux du grand air depuis toujours, c&rsquo;est tout naturellement vers la photographie de nature que je me suis tourn\u00e9. L&rsquo;occasion de passer des heures dehors, \u00e0 chercher le bon sujet, la belle lumi\u00e8re, et \u00e0 essayer de magnifier cette plan\u00e8te dont la beaut\u00e9 n&rsquo;a de cesse de nous \u00e9merveiller. L&rsquo;occasion aussi de belles rencontres avec d&rsquo;autres passionn\u00e9s de ma r\u00e9gion, avec qui je me suis lanc\u00e9 depuis quatre ans dans l&rsquo;aventure de l&rsquo;APRAN, ses sorties photos, ses expositions &#8230; Mais l&rsquo;aventure ne fait que commencer : \u00e9ternel d\u00e9butant, j&rsquo;ai encore beaucoup \u00e0 apprendre, beaucoup de nouveaux..<\/p>\n","protected":false},"author":1,"featured_media":236,"parent":0,"menu_order":0,"comment_status":"closed","ping_status":"closed","template":"page-split-layout.php","meta":[],"_links":{"self":[{"href":"https:\/\/photos-et-compagnie.fr\/blog\/wp-json\/wp\/v2\/pages\/502"}],"collection":[{"href":"https:\/\/photos-et-compagnie.fr\/blog\/wp-json\/wp\/v2\/pages"}],"about":[{"href":"https:\/\/photos-et-compagnie.fr\/blog\/wp-json\/wp\/v2\/types\/page"}],"author":[{"embeddable":true,"href":"https:\/\/photos-et-compagnie.fr\/blog\/wp-json\/wp\/v2\/users\/1"}],"replies":[{"embeddable":true,"href":"https:\/\/photos-et-compagnie.fr\/blog\/wp-json\/wp\/v2\/comments?post=502"}],"version-history":[{"count":14,"href":"https:\/\/photos-et-compagnie.fr\/blog\/wp-json\/wp\/v2\/pages\/502\/revisions"}],"predecessor-version":[{"id":529,"href":"https:\/\/photos-et-compagnie.fr\/blog\/wp-json\/wp\/v2\/pages\/502\/revisions\/529"}],"wp:featuredmedia":[{"embeddable":true,"href":"https:\/\/photos-et-compagnie.fr\/blog\/wp-json\/wp\/v2\/media\/236"}],"wp:attachment":[{"href":"https:\/\/photos-et-compagnie.fr\/blog\/wp-json\/wp\/v2\/media?parent=502"}],"curies":[{"name":"wp","href":"https:\/\/api.w.org\/{rel}","templated":true}]}}